{"id":13483,"date":"2018-02-06T16:49:30","date_gmt":"2018-02-06T16:49:30","guid":{"rendered":"http:\/\/agi11.com\/?page_id=13483&#038;lang=sq"},"modified":"2022-06-24T16:18:06","modified_gmt":"2022-06-24T16:18:06","slug":"historiku","status":"publish","type":"page","link":"http:\/\/agi11.com\/sq\/historiku\/","title":{"rendered":"Historiku"},"content":{"rendered":"<div id=\"cmsmasters_row_3d74d16080\" class=\"cmsmasters_row cmsmasters_color_scheme_default cmsmasters_row_top_default cmsmasters_row_bot_default cmsmasters_row_boxed\">\n<div class=\"cmsmasters_row_outer_parent\">\n<div class=\"cmsmasters_row_outer\">\n<div class=\"cmsmasters_row_inner\">\n<div class=\"cmsmasters_row_margin\">\n<div id=\"cmsmasters_column_\" class=\"cmsmasters_column one_first\">\n<div class=\"cmsmasters_column_inner\"><\/div><\/div>\n<\/div>\n<\/div>\n<\/div>\n<\/div>\n<\/div>\n<div id=\"cmsmasters_row_e6569ae7c8\" class=\"cmsmasters_row cmsmasters_color_scheme_default cmsmasters_row_top_default cmsmasters_row_bot_default cmsmasters_row_boxed\">\n<div class=\"cmsmasters_row_outer_parent\">\n<div class=\"cmsmasters_row_outer\">\n<div class=\"cmsmasters_row_inner\">\n<div class=\"cmsmasters_row_margin\">\n<div id=\"cmsmasters_column_\" class=\"cmsmasters_column one_third\">\n<div class=\"cmsmasters_column_inner\"><div id=\"cmsmasters_icon_box_13vrz1ydw\" class=\"cmsmasters_icon_box cmsmasters_icon_heading_left box_icon_type_icon\">\n<div class=\"icon_box_inner\">\n<div class=\"icon_box_text\">\n<h1 style=\"color: #ffffff;\">Historiku<\/h1>\n<\/div>\n<\/div>\n<\/div>\n<\/div><\/div>\n<div id=\"cmsmasters_column_\" class=\"cmsmasters_column one_third\">\n<div class=\"cmsmasters_column_inner\"><\/div><\/div>\n<div id=\"cmsmasters_column_\" class=\"cmsmasters_column one_third\">\n<div class=\"cmsmasters_column_inner\"><\/div><\/div>\n<\/div>\n<\/div>\n<\/div>\n<\/div>\n<\/div>\n<div id=\"cmsmasters_row_b9411c667e\" class=\"cmsmasters_row cmsmasters_color_scheme_default cmsmasters_row_top_default cmsmasters_row_bot_default cmsmasters_row_boxed\">\n<div class=\"cmsmasters_row_outer_parent\">\n<div class=\"cmsmasters_row_outer\">\n<div class=\"cmsmasters_row_inner\">\n<div class=\"cmsmasters_row_margin\">\n<div id=\"cmsmasters_column_\" class=\"cmsmasters_column one_first\">\n<div class=\"cmsmasters_column_inner\"><div class=\"cmsmasters_text\">\n<h1><span style=\"font-size: 48px;\"><span style=\"color: #373333;\">Themelimi<\/span><\/span><\/h1>\n<\/div>\n<div class=\"cmsmasters_text\">\n<p><span style=\"font-size: 13.5pt; color: black;\">Fabrika \u201cAGI11\u201d Sh.p.k \u00ebsht\u00eb themeluar n\u00eb vitin 2010 pas nj\u00eb eksperienc\u00eb prej 12 vitesh n\u00eb itali ne sektorin e perpunimit te qum\u00ebshtit. M\u00eb pas menduam ta sillnim k\u00ebt\u00eb p\u00ebrvoj\u00eb edhe n\u00eb vendin ton\u00eb.<\/span><\/p>\n<p><span style=\"font-size: 13.5pt; color: black;\">N\u00eb fabrik\u00ebn ton\u00eb prodhohen 15 lloje djathrash me teknologji italiane, duke p\u00ebrdorur fermente bakteriale italiane. Produktet tona prodhohen me qum\u00ebsht t\u00eb cil\u00ebsis\u00eb s\u00eb lart\u00eb nga stallat e vendit dhe t\u00eb kontrolluar pran\u00eb laboratorit ton\u00eb t\u00eb analizave t\u00eb qum\u00ebshtit.<\/span><\/p>\n<p><span style=\"font-size: 13.5pt; color: black;\">Fabrika jon\u00eb prodhon mozarela origjinale p\u00ebr picerit\u00eb. Furnizojm\u00eb \u00e7do dit\u00eb picerit\u00eb m\u00eb prestigjoze n\u00eb vend me djathin mozarela n\u00eb Tiran\u00eb, Durr\u00ebs, Berat, Vlor\u00eb, Elbasan, Kruj\u00eb dhe Sarand\u00eb.<\/span><\/p>\n<\/div>\n<\/div><\/div>\n<\/div>\n<\/div>\n<\/div>\n<\/div>\n<\/div>\n<div id=\"cmsmasters_row_f3f4eed699\" class=\"cmsmasters_row cmsmasters_color_scheme_default cmsmasters_row_top_default cmsmasters_row_bot_default cmsmasters_row_fullwidth\">\n<div class=\"cmsmasters_row_outer_parent\">\n<div class=\"cmsmasters_row_outer\">\n<div class=\"cmsmasters_row_inner cmsmasters_row_fullwidth cmsmasters_row_no_margin\">\n<div class=\"cmsmasters_row_margin cmsmasters_row_columns_behavior\">\n<div id=\"cmsmasters_column_\" class=\"cmsmasters_column one_half\">\n<div class=\"cmsmasters_column_inner\"><div id=\"cmsmasters_fb_9cf6172754\" class=\"cmsmasters_featured_block\">\n<div class=\"featured_block_inner\">\n<div class=\"featured_block_text\">\n<h1 style=\"text-align: center;\"><span style=\"font-size: 48px;\"><span style=\"color: #0091d5;\">Fabrika\u00a0<\/span><span style=\"color: #0091d5;\">AGI<\/span><\/span><\/h1>\n<p style=\"text-align: center;\">Fabrika AGI eshte e pajisur me teknologjine me te fundit te ardhuar nga Italia per prodhimin e djathrave. Po ashtu pastertia eshte kushti jone kryesor ne fabrike. Cdo gje eshte e kontrolluar dhe e pasterizuar.<\/p>\n<\/div>\n<\/div>\n<\/div>\n<\/div><\/div>\n<div id=\"cmsmasters_column_\" class=\"cmsmasters_column one_half\">\n<div class=\"cmsmasters_column_inner\"><\/div><\/div>\n<\/div>\n<\/div>\n<\/div>\n<\/div>\n<\/div>\n\n","protected":false},"excerpt":{"rendered":"","protected":false},"author":1,"featured_media":0,"parent":0,"menu_order":0,"comment_status":"closed","ping_status":"closed","template":"","meta":{"footnotes":""},"class_list":["post-13483","page","type-page","status-publish","hentry"],"yoast_head":"<!-- This site is optimized with the Yoast SEO plugin v24.8.1 - https:\/\/yoast.com\/wordpress\/plugins\/seo\/ -->\n<title>Historiku - AGI 11 Shpk<\/title>\n<meta name=\"robots\" content=\"index, follow, max-snippet:-1, max-image-preview:large, max-video-preview:-1\" \/>\n<link rel=\"canonical\" href=\"http:\/\/agi11.com\/sq\/historiku\/\" \/>\n<meta property=\"og:locale\" content=\"en_US\" \/>\n<meta property=\"og:type\" content=\"article\" \/>\n<meta property=\"og:title\" content=\"Historiku - AGI 11 Shpk\" \/>\n<meta property=\"og:url\" content=\"http:\/\/agi11.com\/sq\/historiku\/\" \/>\n<meta property=\"og:site_name\" content=\"AGI 11 Shpk\" \/>\n<meta property=\"article:modified_time\" content=\"2022-06-24T16:18:06+00:00\" \/>\n<meta name=\"twitter:card\" content=\"summary_large_image\" \/>\n<meta name=\"twitter:label1\" content=\"Est. reading time\" \/>\n\t<meta name=\"twitter:data1\" content=\"2 minutes\" \/>\n<script type=\"application\/ld+json\" class=\"yoast-schema-graph\">{\"@context\":\"https:\/\/schema.org\",\"@graph\":[{\"@type\":\"WebPage\",\"@id\":\"http:\/\/agi11.com\/sq\/historiku\/\",\"url\":\"http:\/\/agi11.com\/sq\/historiku\/\",\"name\":\"Historiku - AGI 11 Shpk\",\"isPartOf\":{\"@id\":\"https:\/\/agi11.com\/#website\"},\"datePublished\":\"2018-02-06T16:49:30+00:00\",\"dateModified\":\"2022-06-24T16:18:06+00:00\",\"breadcrumb\":{\"@id\":\"http:\/\/agi11.com\/sq\/historiku\/#breadcrumb\"},\"inLanguage\":\"\",\"potentialAction\":[{\"@type\":\"ReadAction\",\"target\":[\"http:\/\/agi11.com\/sq\/historiku\/\"]}]},{\"@type\":\"BreadcrumbList\",\"@id\":\"http:\/\/agi11.com\/sq\/historiku\/#breadcrumb\",\"itemListElement\":[{\"@type\":\"ListItem\",\"position\":1,\"name\":\"Home\",\"item\":\"http:\/\/agi11.com\/sq\/\"},{\"@type\":\"ListItem\",\"position\":2,\"name\":\"Historiku\"}]},{\"@type\":\"WebSite\",\"@id\":\"https:\/\/agi11.com\/#website\",\"url\":\"https:\/\/agi11.com\/\",\"name\":\"AGI 11 Shpk\",\"description\":\"Fabrika e Perpunimit te Qumeshtit\",\"publisher\":{\"@id\":\"https:\/\/agi11.com\/#organization\"},\"potentialAction\":[{\"@type\":\"SearchAction\",\"target\":{\"@type\":\"EntryPoint\",\"urlTemplate\":\"https:\/\/agi11.com\/?s={search_term_string}\"},\"query-input\":{\"@type\":\"PropertyValueSpecification\",\"valueRequired\":true,\"valueName\":\"search_term_string\"}}],\"inLanguage\":\"\"},{\"@type\":\"Organization\",\"@id\":\"https:\/\/agi11.com\/#organization\",\"name\":\"AGI 11 Shpk\",\"url\":\"https:\/\/agi11.com\/\",\"logo\":{\"@type\":\"ImageObject\",\"inLanguage\":\"\",\"@id\":\"https:\/\/agi11.com\/#\/schema\/logo\/image\/\",\"url\":\"http:\/\/agi11.com\/wp-content\/uploads\/2018\/02\/agi-logo.png\",\"contentUrl\":\"http:\/\/agi11.com\/wp-content\/uploads\/2018\/02\/agi-logo.png\",\"width\":75,\"height\":41,\"caption\":\"AGI 11 Shpk\"},\"image\":{\"@id\":\"https:\/\/agi11.com\/#\/schema\/logo\/image\/\"}}]}<\/script>\n<!-- \/ Yoast SEO plugin. -->","yoast_head_json":{"title":"Historiku - AGI 11 Shpk","robots":{"index":"index","follow":"follow","max-snippet":"max-snippet:-1","max-image-preview":"max-image-preview:large","max-video-preview":"max-video-preview:-1"},"canonical":"http:\/\/agi11.com\/sq\/historiku\/","og_locale":"en_US","og_type":"article","og_title":"Historiku - AGI 11 Shpk","og_url":"http:\/\/agi11.com\/sq\/historiku\/","og_site_name":"AGI 11 Shpk","article_modified_time":"2022-06-24T16:18:06+00:00","twitter_card":"summary_large_image","twitter_misc":{"Est. reading time":"2 minutes"},"schema":{"@context":"https:\/\/schema.org","@graph":[{"@type":"WebPage","@id":"http:\/\/agi11.com\/sq\/historiku\/","url":"http:\/\/agi11.com\/sq\/historiku\/","name":"Historiku - AGI 11 Shpk","isPartOf":{"@id":"https:\/\/agi11.com\/#website"},"datePublished":"2018-02-06T16:49:30+00:00","dateModified":"2022-06-24T16:18:06+00:00","breadcrumb":{"@id":"http:\/\/agi11.com\/sq\/historiku\/#breadcrumb"},"inLanguage":"","potentialAction":[{"@type":"ReadAction","target":["http:\/\/agi11.com\/sq\/historiku\/"]}]},{"@type":"BreadcrumbList","@id":"http:\/\/agi11.com\/sq\/historiku\/#breadcrumb","itemListElement":[{"@type":"ListItem","position":1,"name":"Home","item":"http:\/\/agi11.com\/sq\/"},{"@type":"ListItem","position":2,"name":"Historiku"}]},{"@type":"WebSite","@id":"https:\/\/agi11.com\/#website","url":"https:\/\/agi11.com\/","name":"AGI 11 Shpk","description":"Fabrika e Perpunimit te Qumeshtit","publisher":{"@id":"https:\/\/agi11.com\/#organization"},"potentialAction":[{"@type":"SearchAction","target":{"@type":"EntryPoint","urlTemplate":"https:\/\/agi11.com\/?s={search_term_string}"},"query-input":{"@type":"PropertyValueSpecification","valueRequired":true,"valueName":"search_term_string"}}],"inLanguage":""},{"@type":"Organization","@id":"https:\/\/agi11.com\/#organization","name":"AGI 11 Shpk","url":"https:\/\/agi11.com\/","logo":{"@type":"ImageObject","inLanguage":"","@id":"https:\/\/agi11.com\/#\/schema\/logo\/image\/","url":"http:\/\/agi11.com\/wp-content\/uploads\/2018\/02\/agi-logo.png","contentUrl":"http:\/\/agi11.com\/wp-content\/uploads\/2018\/02\/agi-logo.png","width":75,"height":41,"caption":"AGI 11 Shpk"},"image":{"@id":"https:\/\/agi11.com\/#\/schema\/logo\/image\/"}}]}},"_links":{"self":[{"href":"http:\/\/agi11.com\/sq\/wp-json\/wp\/v2\/pages\/13483","targetHints":{"allow":["GET"]}}],"collection":[{"href":"http:\/\/agi11.com\/sq\/wp-json\/wp\/v2\/pages"}],"about":[{"href":"http:\/\/agi11.com\/sq\/wp-json\/wp\/v2\/types\/page"}],"author":[{"embeddable":true,"href":"http:\/\/agi11.com\/sq\/wp-json\/wp\/v2\/users\/1"}],"replies":[{"embeddable":true,"href":"http:\/\/agi11.com\/sq\/wp-json\/wp\/v2\/comments?post=13483"}],"version-history":[{"count":15,"href":"http:\/\/agi11.com\/sq\/wp-json\/wp\/v2\/pages\/13483\/revisions"}],"predecessor-version":[{"id":13858,"href":"http:\/\/agi11.com\/sq\/wp-json\/wp\/v2\/pages\/13483\/revisions\/13858"}],"wp:attachment":[{"href":"http:\/\/agi11.com\/sq\/wp-json\/wp\/v2\/media?parent=13483"}],"curies":[{"name":"wp","href":"https:\/\/api.w.org\/{rel}","templated":true}]}}