{"id":13509,"date":"2018-02-07T17:54:31","date_gmt":"2018-02-07T17:54:31","guid":{"rendered":"http:\/\/agi11.com\/sq\/?page_id=13509"},"modified":"2022-10-13T12:20:10","modified_gmt":"2022-10-13T12:20:10","slug":"rreth-nesh","status":"publish","type":"page","link":"http:\/\/agi11.com\/sq\/rreth-nesh\/","title":{"rendered":"Rreth Nesh"},"content":{"rendered":"<div id=\"cmsmasters_row_3d74d16080\" class=\"cmsmasters_row cmsmasters_color_scheme_default cmsmasters_row_top_default cmsmasters_row_bot_default cmsmasters_row_boxed\" data-stellar-background-ratio=\"0.5\">\n<div class=\"cmsmasters_row_outer_parent\">\n<div class=\"cmsmasters_row_outer\">\n<div class=\"cmsmasters_row_inner\">\n<div class=\"cmsmasters_row_margin\">\n<div id=\"cmsmasters_column_\" class=\"cmsmasters_column one_first\">\n<div class=\"cmsmasters_column_inner\"><div id=\"cmsmasters_heading_aa9c42a71e\" class=\"cmsmasters_heading_wrap cmsmasters_heading_align_center\">\n\t<h1 class=\"cmsmasters_heading\">Rreth Nesh<\/h1>\n<\/div><div id=\"cmsmasters_heading_9d60a98a44\" class=\"cmsmasters_heading_wrap cmsmasters_heading_align_center\">\n\t<h3 class=\"cmsmasters_heading\">Produktet me te mira<\/h3>\n<\/div>\n<\/div><\/div>\n<\/div>\n<\/div>\n<\/div>\n<\/div>\n<\/div>\n<div id=\"cmsmasters_row_e6569ae7c8\" class=\"cmsmasters_row cmsmasters_color_scheme_default cmsmasters_row_top_default cmsmasters_row_bot_default cmsmasters_row_boxed\">\n<div class=\"cmsmasters_row_outer_parent\">\n<div class=\"cmsmasters_row_outer\">\n<div class=\"cmsmasters_row_inner\">\n<div class=\"cmsmasters_row_margin\">\n<div id=\"cmsmasters_column_\" class=\"cmsmasters_column one_third\">\n<div class=\"cmsmasters_column_inner\"><div id=\"cmsmasters_icon_box_a0991a7421\" class=\"cmsmasters_icon_box cmsmasters_icon_box_left box_icon_type_icon cmsmasters-icon-award-alt\">\n<div class=\"icon_box_inner\">\n<div class=\"icon_box_text\">\n<div id=\"cmsmasters_heading_fb72b2a1d0\" class=\"cmsmasters_heading_wrap cmsmasters_heading_align_left\">\n\t<h5 class=\"cmsmasters_heading\">Produkte te Kontrolluara dhe Certifikuara<\/h5>\n<\/div>\n<\/div>\n<\/div>\n<\/div>\n<\/div><\/div>\n<div id=\"cmsmasters_column_\" class=\"cmsmasters_column one_third\">\n<div class=\"cmsmasters_column_inner\"><div id=\"cmsmasters_icon_box_47100a6842\" class=\"cmsmasters_icon_box cmsmasters_icon_box_left box_icon_type_icon cmsmasters-icon-basket-alt\">\n<div class=\"icon_box_inner\">\n<div class=\"icon_box_text\">\n<div id=\"cmsmasters_heading_abce62d420\" class=\"cmsmasters_heading_wrap cmsmasters_heading_align_left\">\n\t<h5 class=\"cmsmasters_heading\">Transport falas ne pikat me shumice<\/h5>\n<\/div>\n<\/div>\n<\/div>\n<\/div>\n<\/div><\/div>\n<div id=\"cmsmasters_column_\" class=\"cmsmasters_column one_third\">\n<div class=\"cmsmasters_column_inner\"><div id=\"cmsmasters_icon_box_6c3916437d\" class=\"cmsmasters_icon_box cmsmasters_icon_box_left box_icon_type_icon cmsmasters-icon-thumbs-up-3\">\n<div class=\"icon_box_inner\">\n<div class=\"icon_box_text\">\n<div id=\"cmsmasters_heading_3cc5581841\" class=\"cmsmasters_heading_wrap cmsmasters_heading_align_left\">\n\t<h5 class=\"cmsmasters_heading\">Cilesi Premium e te gjitha Produkteve<\/h5>\n<\/div>\n<\/div>\n<\/div>\n<\/div>\n<\/div><\/div>\n<\/div>\n<\/div>\n<\/div>\n<\/div>\n<\/div>\n<div id=\"cmsmasters_row_f3f4eed699\" class=\"cmsmasters_row cmsmasters_color_scheme_default cmsmasters_row_top_default cmsmasters_row_bot_default cmsmasters_row_fullwidth\">\n<div class=\"cmsmasters_row_outer_parent\">\n<div class=\"cmsmasters_row_outer\">\n<div class=\"cmsmasters_row_inner cmsmasters_row_fullwidth cmsmasters_row_no_margin\">\n<div class=\"cmsmasters_row_margin cmsmasters_row_columns_behavior\">\n<div id=\"cmsmasters_column_\" class=\"cmsmasters_column one_half\">\n<div class=\"cmsmasters_column_inner\"><div id=\"cmsmasters_fb_e3734a4ce5\" class=\"cmsmasters_featured_block\">\n<div class=\"featured_block_inner\">\n<div class=\"featured_block_text\">\n<p><\/p>\n<\/div>\n<\/div>\n<\/div>\n<\/div><\/div>\n<div id=\"cmsmasters_column_\" class=\"cmsmasters_column one_half\">\n<div class=\"cmsmasters_column_inner\"><div id=\"cmsmasters_fb_9cf6172754\" class=\"cmsmasters_featured_block\">\n<div class=\"featured_block_inner\">\n<div class=\"featured_block_text\">\n<h1 style=\"text-align: center;\"><span style=\"font-size: 48px;\">Cfare ne\u00a0<span style=\"color: #0091d5;\">bejme?<\/span><\/span><\/h1>\n<p style=\"text-align: center;\">Prodhimet AGI jan\u00eb t\u00eb preferuara n\u00eb shume restorante, piceri, Fast-Food, supermarkete. Pasi i kan\u00eb provuar, shum\u00eb konsumator\u00eb nuk i ndajm\u00eb m\u00eb nga tryezat e tyre. Qum\u00ebshti i fresk\u00ebt me shije delikate, i pasur me kalcium dhe fosfor, jan\u00eb sekreti q\u00eb e ben \u00e7do pjat\u00eb unike. Ju duhet pak fantazi p\u00ebr t\u00eb b\u00ebr\u00eb gatime nga m\u00eb t\u00eb ndryshme e t\u00eb shijshmet, si te nxehta dhe te ftohta.<\/p>\n<\/div>\n<\/div>\n<\/div>\n<\/div><\/div>\n<\/div>\n<\/div>\n<\/div>\n<\/div>\n<\/div>\n<div id=\"cmsmasters_row_b9411c667e\" class=\"cmsmasters_row cmsmasters_color_scheme_default cmsmasters_row_top_default cmsmasters_row_bot_default cmsmasters_row_boxed\">\n<div class=\"cmsmasters_row_outer_parent\">\n<div class=\"cmsmasters_row_outer\">\n<div class=\"cmsmasters_row_inner\">\n<div class=\"cmsmasters_row_margin\">\n<div id=\"cmsmasters_column_\" class=\"cmsmasters_column one_half\">\n<div class=\"cmsmasters_column_inner\"><div class=\"aligncenter\"><div class=\"cmsmasters_img  cmsmasters_image_c\" data-animation=\"fadeIn\" data-delay=\"400\"><img decoding=\"async\" src=\"http:\/\/agi11.com\/wp-content\/uploads\/2018\/01\/agi-prize-won-300x295.png\" \/><\/div><\/div>\n<\/div><\/div>\n<div id=\"cmsmasters_column_\" class=\"cmsmasters_column one_half\">\n<div class=\"cmsmasters_column_inner\"><div class=\"cmsmasters_text\">\n<h1><span style=\"font-size: 48px;\"><span style=\"color: #373333;\">Ne<\/span> <span style=\"color: #0091d5;\">2010<\/span><\/span><\/h1>\n<\/div>\n<div class=\"cmsmasters_text\">\n<p>Ishim pjesemarres ne festivalin e fermerit ne Berat ku dhe morem cmimin e pare te atij festivali. Ky ishte nder hapat e pare ne rruge tone te suksesit ne kete fushe duke sjelle te klienti vetem me te miren.<\/p>\n<\/div>\n<\/div><\/div>\n<\/div>\n<\/div>\n<\/div>\n<\/div>\n<\/div>\n<div id=\"cmsmasters_row_0995ca753a\" class=\"cmsmasters_row cmsmasters_color_scheme_default cmsmasters_row_top_default cmsmasters_row_bot_default cmsmasters_row_fullwidth\">\n<div class=\"cmsmasters_row_outer_parent\">\n<div class=\"cmsmasters_row_outer\">\n<div class=\"cmsmasters_row_inner cmsmasters_row_fullwidth cmsmasters_row_no_margin\">\n<div class=\"cmsmasters_row_margin cmsmasters_row_columns_behavior\">\n<div id=\"cmsmasters_column_\" class=\"cmsmasters_column one_half\">\n<div class=\"cmsmasters_column_inner\"><div id=\"cmsmasters_fb_7fcf51c019\" class=\"cmsmasters_featured_block\">\n<div class=\"featured_block_inner\">\n<div class=\"featured_block_text\">\n<h1 style=\"text-align: center;\"><span style=\"font-size: 48px;\">Mozza<span style=\"color: #0091d5;\">rella<\/span><\/span><\/h1>\n<p style=\"text-align: center;\">Mocarela eshte prodhim tradicional i qumeshtit me metoden e pasta filata. Mocarella mori nj\u00eb certifikat\u00eb tradicionale certifikuar nga Bashkimi Evropian n\u00eb vitin 1998. Kjo skem\u00eb mbrojtjeje k\u00ebrkon q\u00eb mocarela e shitur n\u00eb Bashkimin Evropian t\u00eb prodhohet sipas nj\u00eb recete tradicionale. Certifikimi TSG nuk specifikon burimin e qum\u00ebshtit, k\u00ebshtu q\u00eb \u00e7do lloj qum\u00ebshti mund t\u00eb p\u00ebrdoret. Mocarela e fresk\u00ebt n\u00eb p\u00ebrgjith\u00ebsi \u00ebsht\u00eb e bardh\u00eb, por mund t\u00eb ndryshoj\u00eb sipas sezonit deri n\u00eb pak t\u00eb verdh\u00eb n\u00eb var\u00ebsi t\u00eb diet\u00ebs s\u00eb kafsh\u00ebs. P\u00ebr shkak t\u00eb p\u00ebrmbajtjes s\u00eb saj t\u00eb lart\u00eb t\u00eb lag\u00ebshtis\u00eb, sh\u00ebrbehet tradicionalisht dit\u00ebn pasi \u00ebsht\u00eb b\u00ebr\u00eb, por mund t\u00eb mbahet n\u00eb sh\u00ebllir\u00eb deri n\u00eb nj\u00eb jav\u00eb ose m\u00eb gjat\u00eb kur shiten n\u00eb vakum t\u00eb vulosur. Mocarela n\u00eb sh\u00ebllir\u00eb mund t\u00eb mbahet n\u00eb frigorifer deri n\u00eb nj\u00eb muaj, megjith\u00ebse disa mocarela n\u00eb sh\u00ebllir\u00eb shiten me nj\u00eb afat deri n\u00eb gjasht\u00eb muaj.Mocarela p\u00ebrdoret gjithashtu p\u00ebr shumic\u00ebn e llojeve t\u00eb piceris\u00eb, ose sh\u00ebrbehet me domate me feta dhe basil n\u00eb sallat\u00eb Caprese.<\/p>\n<h6 style=\"text-align: center;\"><\/h6>\n<\/div>\n<\/div>\n<\/div>\n<\/div><\/div>\n<div id=\"cmsmasters_column_\" class=\"cmsmasters_column one_half\">\n<div class=\"cmsmasters_column_inner\"><div id=\"cmsmasters_fb_5037bf5f1b\" class=\"cmsmasters_featured_block\">\n<div class=\"featured_block_inner\">\n<div class=\"featured_block_text\">\n<p><\/p>\n<\/div>\n<\/div>\n<\/div>\n<\/div><\/div>\n<\/div>\n<\/div>\n<\/div>\n<\/div>\n<\/div>\n\n","protected":false},"excerpt":{"rendered":"","protected":false},"author":1,"featured_media":0,"parent":0,"menu_order":0,"comment_status":"closed","ping_status":"closed","template":"","meta":{"footnotes":""},"class_list":["post-13509","page","type-page","status-publish","hentry"],"yoast_head":"<!-- This site is optimized with the Yoast SEO plugin v24.8.1 - https:\/\/yoast.com\/wordpress\/plugins\/seo\/ -->\n<title>Rreth Nesh - AGI 11 Shpk<\/title>\n<meta name=\"robots\" content=\"index, follow, max-snippet:-1, max-image-preview:large, max-video-preview:-1\" \/>\n<link rel=\"canonical\" href=\"http:\/\/agi11.com\/sq\/rreth-nesh\/\" \/>\n<meta property=\"og:locale\" content=\"en_US\" \/>\n<meta property=\"og:type\" content=\"article\" \/>\n<meta property=\"og:title\" content=\"Rreth Nesh - AGI 11 Shpk\" \/>\n<meta property=\"og:url\" content=\"http:\/\/agi11.com\/sq\/rreth-nesh\/\" \/>\n<meta property=\"og:site_name\" content=\"AGI 11 Shpk\" \/>\n<meta property=\"article:modified_time\" content=\"2022-10-13T12:20:10+00:00\" \/>\n<meta name=\"twitter:card\" content=\"summary_large_image\" \/>\n<meta name=\"twitter:label1\" content=\"Est. reading time\" \/>\n\t<meta name=\"twitter:data1\" content=\"6 minutes\" \/>\n<script type=\"application\/ld+json\" class=\"yoast-schema-graph\">{\"@context\":\"https:\/\/schema.org\",\"@graph\":[{\"@type\":\"WebPage\",\"@id\":\"http:\/\/agi11.com\/sq\/rreth-nesh\/\",\"url\":\"http:\/\/agi11.com\/sq\/rreth-nesh\/\",\"name\":\"Rreth Nesh - AGI 11 Shpk\",\"isPartOf\":{\"@id\":\"https:\/\/agi11.com\/#website\"},\"datePublished\":\"2018-02-07T17:54:31+00:00\",\"dateModified\":\"2022-10-13T12:20:10+00:00\",\"breadcrumb\":{\"@id\":\"http:\/\/agi11.com\/sq\/rreth-nesh\/#breadcrumb\"},\"inLanguage\":\"\",\"potentialAction\":[{\"@type\":\"ReadAction\",\"target\":[\"http:\/\/agi11.com\/sq\/rreth-nesh\/\"]}]},{\"@type\":\"BreadcrumbList\",\"@id\":\"http:\/\/agi11.com\/sq\/rreth-nesh\/#breadcrumb\",\"itemListElement\":[{\"@type\":\"ListItem\",\"position\":1,\"name\":\"Home\",\"item\":\"http:\/\/agi11.com\/sq\/\"},{\"@type\":\"ListItem\",\"position\":2,\"name\":\"Rreth Nesh\"}]},{\"@type\":\"WebSite\",\"@id\":\"https:\/\/agi11.com\/#website\",\"url\":\"https:\/\/agi11.com\/\",\"name\":\"AGI 11 Shpk\",\"description\":\"Fabrika e Perpunimit te Qumeshtit\",\"publisher\":{\"@id\":\"https:\/\/agi11.com\/#organization\"},\"potentialAction\":[{\"@type\":\"SearchAction\",\"target\":{\"@type\":\"EntryPoint\",\"urlTemplate\":\"https:\/\/agi11.com\/?s={search_term_string}\"},\"query-input\":{\"@type\":\"PropertyValueSpecification\",\"valueRequired\":true,\"valueName\":\"search_term_string\"}}],\"inLanguage\":\"\"},{\"@type\":\"Organization\",\"@id\":\"https:\/\/agi11.com\/#organization\",\"name\":\"AGI 11 Shpk\",\"url\":\"https:\/\/agi11.com\/\",\"logo\":{\"@type\":\"ImageObject\",\"inLanguage\":\"\",\"@id\":\"https:\/\/agi11.com\/#\/schema\/logo\/image\/\",\"url\":\"http:\/\/agi11.com\/wp-content\/uploads\/2018\/02\/agi-logo.png\",\"contentUrl\":\"http:\/\/agi11.com\/wp-content\/uploads\/2018\/02\/agi-logo.png\",\"width\":75,\"height\":41,\"caption\":\"AGI 11 Shpk\"},\"image\":{\"@id\":\"https:\/\/agi11.com\/#\/schema\/logo\/image\/\"}}]}<\/script>\n<!-- \/ Yoast SEO plugin. -->","yoast_head_json":{"title":"Rreth Nesh - AGI 11 Shpk","robots":{"index":"index","follow":"follow","max-snippet":"max-snippet:-1","max-image-preview":"max-image-preview:large","max-video-preview":"max-video-preview:-1"},"canonical":"http:\/\/agi11.com\/sq\/rreth-nesh\/","og_locale":"en_US","og_type":"article","og_title":"Rreth Nesh - AGI 11 Shpk","og_url":"http:\/\/agi11.com\/sq\/rreth-nesh\/","og_site_name":"AGI 11 Shpk","article_modified_time":"2022-10-13T12:20:10+00:00","twitter_card":"summary_large_image","twitter_misc":{"Est. reading time":"6 minutes"},"schema":{"@context":"https:\/\/schema.org","@graph":[{"@type":"WebPage","@id":"http:\/\/agi11.com\/sq\/rreth-nesh\/","url":"http:\/\/agi11.com\/sq\/rreth-nesh\/","name":"Rreth Nesh - AGI 11 Shpk","isPartOf":{"@id":"https:\/\/agi11.com\/#website"},"datePublished":"2018-02-07T17:54:31+00:00","dateModified":"2022-10-13T12:20:10+00:00","breadcrumb":{"@id":"http:\/\/agi11.com\/sq\/rreth-nesh\/#breadcrumb"},"inLanguage":"","potentialAction":[{"@type":"ReadAction","target":["http:\/\/agi11.com\/sq\/rreth-nesh\/"]}]},{"@type":"BreadcrumbList","@id":"http:\/\/agi11.com\/sq\/rreth-nesh\/#breadcrumb","itemListElement":[{"@type":"ListItem","position":1,"name":"Home","item":"http:\/\/agi11.com\/sq\/"},{"@type":"ListItem","position":2,"name":"Rreth Nesh"}]},{"@type":"WebSite","@id":"https:\/\/agi11.com\/#website","url":"https:\/\/agi11.com\/","name":"AGI 11 Shpk","description":"Fabrika e Perpunimit te Qumeshtit","publisher":{"@id":"https:\/\/agi11.com\/#organization"},"potentialAction":[{"@type":"SearchAction","target":{"@type":"EntryPoint","urlTemplate":"https:\/\/agi11.com\/?s={search_term_string}"},"query-input":{"@type":"PropertyValueSpecification","valueRequired":true,"valueName":"search_term_string"}}],"inLanguage":""},{"@type":"Organization","@id":"https:\/\/agi11.com\/#organization","name":"AGI 11 Shpk","url":"https:\/\/agi11.com\/","logo":{"@type":"ImageObject","inLanguage":"","@id":"https:\/\/agi11.com\/#\/schema\/logo\/image\/","url":"http:\/\/agi11.com\/wp-content\/uploads\/2018\/02\/agi-logo.png","contentUrl":"http:\/\/agi11.com\/wp-content\/uploads\/2018\/02\/agi-logo.png","width":75,"height":41,"caption":"AGI 11 Shpk"},"image":{"@id":"https:\/\/agi11.com\/#\/schema\/logo\/image\/"}}]}},"_links":{"self":[{"href":"http:\/\/agi11.com\/sq\/wp-json\/wp\/v2\/pages\/13509","targetHints":{"allow":["GET"]}}],"collection":[{"href":"http:\/\/agi11.com\/sq\/wp-json\/wp\/v2\/pages"}],"about":[{"href":"http:\/\/agi11.com\/sq\/wp-json\/wp\/v2\/types\/page"}],"author":[{"embeddable":true,"href":"http:\/\/agi11.com\/sq\/wp-json\/wp\/v2\/users\/1"}],"replies":[{"embeddable":true,"href":"http:\/\/agi11.com\/sq\/wp-json\/wp\/v2\/comments?post=13509"}],"version-history":[{"count":13,"href":"http:\/\/agi11.com\/sq\/wp-json\/wp\/v2\/pages\/13509\/revisions"}],"predecessor-version":[{"id":13881,"href":"http:\/\/agi11.com\/sq\/wp-json\/wp\/v2\/pages\/13509\/revisions\/13881"}],"wp:attachment":[{"href":"http:\/\/agi11.com\/sq\/wp-json\/wp\/v2\/media?parent=13509"}],"curies":[{"name":"wp","href":"https:\/\/api.w.org\/{rel}","templated":true}]}}