{"id":13518,"date":"2018-02-13T11:19:20","date_gmt":"2018-02-13T11:19:20","guid":{"rendered":"http:\/\/agi11.com\/sq\/?page_id=13518"},"modified":"2018-03-06T15:56:49","modified_gmt":"2018-03-06T15:56:49","slug":"kontakt","status":"publish","type":"page","link":"http:\/\/agi11.com\/sq\/kontakt\/","title":{"rendered":"Kontakt"},"content":{"rendered":"<div id=\"cmsmasters_row_4fd7d17af9\" class=\"cmsmasters_row cmsmasters_color_scheme_default cmsmasters_row_top_default cmsmasters_row_bot_default cmsmasters_row_fullwidth\">\n<div class=\"cmsmasters_row_outer_parent\">\n<div class=\"cmsmasters_row_outer\">\n<div class=\"cmsmasters_row_inner cmsmasters_row_fullwidth\">\n<div class=\"cmsmasters_row_margin\">\n<div id=\"cmsmasters_column_\" class=\"cmsmasters_column one_first\">\n<div class=\"cmsmasters_column_inner\"><div id=\"google_map_34742c2f78\" class=\"cmsmasters_google_map google_map\" data-address=\"\" data-maptype=\"ROADMAP\" data-zoom=\"14\" data-scrollwheel=\"false\" data-doubleclickzoom=\"true\" data-pan-control=\"true\" data-zoom-control=\"true\" data-map-type-control=\"true\" data-scale-control=\"true\" data-street-view-control=\"true\" data-overview-map-control=\"true\" data-markers=\"latitude: 40.811809\/\/\/longitude: 19.8792792\/\/\/|||\"><\/div>\n<\/div><\/div>\n<\/div>\n<\/div>\n<\/div>\n<\/div>\n<\/div>\n<div id=\"cmsmasters_row_506dfd6c30\" class=\"cmsmasters_row cmsmasters_color_scheme_default cmsmasters_row_top_default cmsmasters_row_bot_default cmsmasters_row_boxed\">\n<div class=\"cmsmasters_row_outer_parent\">\n<div class=\"cmsmasters_row_outer\">\n<div class=\"cmsmasters_row_inner\">\n<div class=\"cmsmasters_row_margin\">\n<div id=\"cmsmasters_column_\" class=\"cmsmasters_column one_third\">\n<div class=\"cmsmasters_column_inner\"><div id=\"cmsmasters_icon_box_9eaadacefd\" class=\"cmsmasters_icon_box cmsmasters_icon_top box_icon_type_icon cmsmasters-icon-location-3\">\n<div class=\"icon_box_inner\">\n<div class=\"icon_box_text\">\n<p><\/p>\n<\/div>\n<\/div>\n<\/div>\n<\/div><\/div>\n<div id=\"cmsmasters_column_\" class=\"cmsmasters_column one_third\">\n<div class=\"cmsmasters_column_inner\"><div id=\"cmsmasters_icon_box_8e0672874f\" class=\"cmsmasters_icon_box cmsmasters_icon_top box_icon_type_icon cmsmasters-icon-mail-3\">\n<div class=\"icon_box_inner\">\n<div class=\"icon_box_text\">\n<p><\/p>\n<\/div>\n<\/div>\n<\/div>\n<\/div><\/div>\n<div id=\"cmsmasters_column_\" class=\"cmsmasters_column one_third\">\n<div class=\"cmsmasters_column_inner\"><div id=\"cmsmasters_icon_box_e52eaaa61a\" class=\"cmsmasters_icon_box cmsmasters_icon_top box_icon_type_icon cmsmasters-icon-phone-alt\">\n<div class=\"icon_box_inner\">\n<div class=\"icon_box_text\">\n<p><\/p>\n<\/div>\n<\/div>\n<\/div>\n<\/div><\/div>\n<\/div>\n<\/div>\n<\/div>\n<\/div>\n<\/div>\n<div id=\"cmsmasters_row_ab32e23d22\" class=\"cmsmasters_row cmsmasters_color_scheme_default cmsmasters_row_top_default cmsmasters_row_bot_default cmsmasters_row_boxed\">\n<div class=\"cmsmasters_row_outer_parent\">\n<div class=\"cmsmasters_row_outer\">\n<div class=\"cmsmasters_row_inner\">\n<div class=\"cmsmasters_row_margin\">\n<div id=\"cmsmasters_column_\" class=\"cmsmasters_column one_first\">\n<div class=\"cmsmasters_column_inner\"><div class=\"cmsmasters_text\">\n<h1 style=\"text-align: center;\"><span style=\"font-size: 52px;\">Na\u00a0<span style=\"color: #0091d5;\">kontaktoni<\/span><\/span><\/h1>\n<\/div>\n<div id=\"cmsmasters_heading_37674ad1e2\" class=\"cmsmasters_heading_wrap cmsmasters_heading_align_center\">\n\t<h3 class=\"cmsmasters_heading\">Do merrni nje pergjigje nga ne sa me shpejt<\/h3>\n<\/div>\n<\/div><\/div>\n<\/div>\n<\/div>\n<\/div>\n<\/div>\n<\/div>\n<div id=\"cmsmasters_row_9852e1c829\" class=\"cmsmasters_row cmsmasters_color_scheme_default cmsmasters_row_top_default cmsmasters_row_bot_default cmsmasters_row_fullwidth\">\n<div class=\"cmsmasters_row_outer_parent\">\n<div class=\"cmsmasters_row_outer\">\n<div class=\"cmsmasters_row_inner cmsmasters_row_fullwidth\">\n<div class=\"cmsmasters_row_margin\">\n<div id=\"cmsmasters_column_\" class=\"cmsmasters_column one_first\">\n<div class=\"cmsmasters_column_inner\">\n<div class=\"cmsmasters_contact_form\"><div class=\"cmsmasters-form-builder\">\n<div class=\"cmsmasters_notice cmsmasters_notice_success cmsmasters_theme_icon_check success_box\" style=\"display:none;\">\n<div class=\"notice_icon\"><\/div>\n<div class=\"notice_content\">\n<p>Thank You! <br \/>Your message has been sent successfully.<\/p>\n<\/div>\n<\/div>\n<script type=\"text\/javascript\"> \nvar captchaWidgetRender = []; \nvar validateCaptcha = function(){\r\n\t\t\t\t\t\t\tcaptchaWidgetRender.forEach(function(item_fn){\r\n\t\t\t\t\t\t\t\tif(typeof item_fn === \"function\"){\r\n\t\t\t\t\t\t\t\t\titem_fn();\r\n\t\t\t\t\t\t\t\t}\r\n\t\t\t\t\t\t\t});\r\n\t\t\t\t\t\t};\njQuery(document).ready(function () { \n\tjQuery('#form_164').validationEngine('attach', { \n\t\tpromptPosition : 'topRight', \n\t\tscroll : false, \n\t\tautoPositionUpdate : true, \n\t\tshowArrow : false \n\t\t} ); \n\tjQuery('#form_164 a#cmsmasters_164_formsend').click(function () { \n\t\tjQuery('#form_164 .loading').animate( { opacity : 1 } , 250); \n\t\tif (jQuery('#form_164').validationEngine('validate')) { \n\t\t\tjQuery.post('http:\/\/agi11.com\/wp-content\/plugins\/cmsmasters-contact-form-builder\/inc\/form-builder-sendmail.php', { \n\t\t\t\tcmsmasters_name_3 : jQuery('#cmsmasters_name_3').val(), \n\t\t\t\tcmsmasters_email_3 : jQuery('#cmsmasters_email_3').val(), \n\t\t\t\tcmsmasters_message_2 : jQuery('#cmsmasters_message_2').val(), \n\t\t\t\tcontactemail : 'MTY0fGluZm9AYWdpMTEuY29tfDE2NA==', \n\t\t\t\tformname : '164', \r\t\t\tfromname : 'wordpress' \r\t\t\t}, function (data) { \n\t\t\t\tjQuery('#form_164 .loading').animate( { opacity : 0 } , 250); \n\t\t\t\tjQuery('#form_164').fadeOut('slow'); \n\t\t\t\tdocument.getElementById('form_164').reset(); \n\t\t\t\tjQuery('#form_164').parent().find('.box').hide(); \n\t\t\t\tjQuery('#form_164').parent().find('.success_box').fadeIn('fast'); \n\t\t\t\tjQuery('html, body').animate( { scrollTop : jQuery('#form_164').offset().top - 140 } , 'slow'); \n\t\t\t\tjQuery('#form_164').parent().find('.success_box').delay(5000).fadeOut(1000, function () { \n\t\t\t\t\tjQuery('#form_164').fadeIn('slow'); \r\t\t\t\t} ); \r\t\t\t} ); \n\t\t\treturn false; \r\t\t} else { \n\t\t\tjQuery('#form_164 .loading').animate( { opacity : 0 } , 250); \n\t\t\treturn false; \r\t\t} \r\t} ); \r} ); \n<\/script>\n<form action=\"#\" method=\"post\" id=\"form_164\">\n\n<div class=\"form_info cmsmasters_input one_half\">\n\t<label for=\"cmsmasters_name_3\">Name<\/label>\n\t<div class=\"form_field_wrap\">\n\t\t<input type=\"text\" name=\"cmsmasters_name_3\" id=\"cmsmasters_name_3\" value=\"\" size=\"35\" \/>\r\t<\/div>\n<\/div>\n<div class=\"form_info cmsmasters_input one_half\">\n\t<label for=\"cmsmasters_email_3\">Email<\/label>\n\t<div class=\"form_field_wrap\">\n\t\t<input type=\"text\" name=\"cmsmasters_email_3\" id=\"cmsmasters_email_3\" value=\"\" size=\"35\" class=\"validate[custom[email]]\" \/>\r\t<\/div>\n<\/div>\n<div class=\"form_info cmsmasters_textarea one_first\">\n\t<label for=\"cmsmasters_message_2\">Message<\/label>\n\t<div class=\"form_field_wrap\">\n\t\t<textarea name=\"cmsmasters_message_2\" id=\"cmsmasters_message_2\" cols=\"60\" class=\"validate[minSize[1],maxSize[200]]\"><\/textarea>\r\t<\/div>\n<\/div>\n<div class=\"cl\"><\/div>\n<div class=\"loading\"><\/div>\n<div class=\"form_info submit_wrap\">\n<a id=\"cmsmasters_164_formsend\" class=\"cmsmasters_button\" href=\"#\"><span>Send Message<\/span><\/a>\n<\/div>\n<div class=\"cl\"><\/div>\n<\/form>\n<\/div><\/div>\n<\/div><\/div>\n<\/div>\n<\/div>\n<\/div>\n<\/div>\n<\/div>\n<div id=\"cmsmasters_row_7fz2d1ioya\" class=\"cmsmasters_row cmsmasters_color_scheme_default cmsmasters_row_top_default cmsmasters_row_bot_default cmsmasters_row_boxed\">\n<div class=\"cmsmasters_row_outer_parent\">\n<div class=\"cmsmasters_row_outer\">\n<div class=\"cmsmasters_row_inner\">\n<div class=\"cmsmasters_row_margin\">\n<div id=\"cmsmasters_column_\" class=\"cmsmasters_column one_third\">\n<div class=\"cmsmasters_column_inner\"><div id=\"cmsmasters_icon_box_vca5al0kdr\" class=\"cmsmasters_icon_box cmsmasters_icon_box_left box_icon_type_icon cmsmasters-icon-location-3\">\n<div class=\"icon_box_inner\">\n<div class=\"icon_box_text\">\n<div id=\"cmsmasters_heading_vca5al0kdr\" class=\"cmsmasters_heading_wrap cmsmasters_heading_align_left\">\n\t<h5 class=\"cmsmasters_heading\">Fabrika e p\u00ebrpunimit t\u00eb qum\u00ebshtit Ferem &#8220;Rreth Tapi&#8221; Ku\u00e7ov\u00eb, Albania<\/h5>\n<\/div>\n<\/div>\n<\/div>\n<\/div>\n<\/div><\/div>\n<div id=\"cmsmasters_column_\" class=\"cmsmasters_column one_third\">\n<div class=\"cmsmasters_column_inner\"><div id=\"cmsmasters_icon_box_vwzn50sizr\" class=\"cmsmasters_icon_box cmsmasters_icon_box_left box_icon_type_icon cmsmasters-icon-mail-3\">\n<div class=\"icon_box_inner\">\n<div class=\"icon_box_text\">\n<div id=\"cmsmasters_heading_vwzn50sizr\" class=\"cmsmasters_heading_wrap cmsmasters_heading_align_left\">\n\t<h5 class=\"cmsmasters_heading\">info@agi11.com<\/h5>\n<\/div>\n<\/div>\n<\/div>\n<\/div>\n<\/div><\/div>\n<div id=\"cmsmasters_column_\" class=\"cmsmasters_column one_third\">\n<div class=\"cmsmasters_column_inner\"><div id=\"cmsmasters_icon_box_iy4hlp80y\" class=\"cmsmasters_icon_box cmsmasters_icon_box_left box_icon_type_icon cmsmasters-icon-phone-alt\">\n<div class=\"icon_box_inner\">\n<div class=\"icon_box_text\">\n<div id=\"cmsmasters_heading_iy4hlp80y\" class=\"cmsmasters_heading_wrap cmsmasters_heading_align_left\">\n\t<h5 class=\"cmsmasters_heading\">Na telefononi: \u00a0+355 69 40 93 150<br \/>\n+355 69 42 46 548<\/h5>\n<\/div>\n<\/div>\n<\/div>\n<\/div>\n<\/div><\/div>\n<\/div>\n<\/div>\n<\/div>\n<\/div>\n<\/div>\n\n","protected":false},"excerpt":{"rendered":"","protected":false},"author":1,"featured_media":0,"parent":0,"menu_order":0,"comment_status":"closed","ping_status":"closed","template":"","meta":{"footnotes":""},"class_list":["post-13518","page","type-page","status-publish","hentry"],"yoast_head":"<!-- This site is optimized with the Yoast SEO plugin v24.8.1 - https:\/\/yoast.com\/wordpress\/plugins\/seo\/ -->\n<title>Kontakt - AGI 11 Shpk<\/title>\n<meta name=\"robots\" content=\"index, follow, max-snippet:-1, max-image-preview:large, max-video-preview:-1\" \/>\n<link rel=\"canonical\" href=\"http:\/\/agi11.com\/sq\/kontakt\/\" \/>\n<meta property=\"og:locale\" content=\"en_US\" \/>\n<meta property=\"og:type\" content=\"article\" \/>\n<meta property=\"og:title\" content=\"Kontakt - AGI 11 Shpk\" \/>\n<meta property=\"og:url\" content=\"http:\/\/agi11.com\/sq\/kontakt\/\" \/>\n<meta property=\"og:site_name\" content=\"AGI 11 Shpk\" \/>\n<meta property=\"article:modified_time\" content=\"2018-03-06T15:56:49+00:00\" \/>\n<meta name=\"twitter:card\" content=\"summary_large_image\" \/>\n<meta name=\"twitter:label1\" content=\"Est. reading time\" \/>\n\t<meta name=\"twitter:data1\" content=\"4 minutes\" \/>\n<script type=\"application\/ld+json\" class=\"yoast-schema-graph\">{\"@context\":\"https:\/\/schema.org\",\"@graph\":[{\"@type\":\"WebPage\",\"@id\":\"http:\/\/agi11.com\/sq\/kontakt\/\",\"url\":\"http:\/\/agi11.com\/sq\/kontakt\/\",\"name\":\"Kontakt - AGI 11 Shpk\",\"isPartOf\":{\"@id\":\"http:\/\/agi11.com\/#website\"},\"datePublished\":\"2018-02-13T11:19:20+00:00\",\"dateModified\":\"2018-03-06T15:56:49+00:00\",\"breadcrumb\":{\"@id\":\"http:\/\/agi11.com\/sq\/kontakt\/#breadcrumb\"},\"inLanguage\":\"\",\"potentialAction\":[{\"@type\":\"ReadAction\",\"target\":[\"http:\/\/agi11.com\/sq\/kontakt\/\"]}]},{\"@type\":\"BreadcrumbList\",\"@id\":\"http:\/\/agi11.com\/sq\/kontakt\/#breadcrumb\",\"itemListElement\":[{\"@type\":\"ListItem\",\"position\":1,\"name\":\"Home\",\"item\":\"http:\/\/agi11.com\/\"},{\"@type\":\"ListItem\",\"position\":2,\"name\":\"Kontakt\"}]},{\"@type\":\"WebSite\",\"@id\":\"http:\/\/agi11.com\/#website\",\"url\":\"http:\/\/agi11.com\/\",\"name\":\"AGI 11 Shpk\",\"description\":\"Fabrika e Perpunimit te Qumeshtit\",\"publisher\":{\"@id\":\"http:\/\/agi11.com\/#organization\"},\"potentialAction\":[{\"@type\":\"SearchAction\",\"target\":{\"@type\":\"EntryPoint\",\"urlTemplate\":\"http:\/\/agi11.com\/?s={search_term_string}\"},\"query-input\":{\"@type\":\"PropertyValueSpecification\",\"valueRequired\":true,\"valueName\":\"search_term_string\"}}],\"inLanguage\":\"\"},{\"@type\":\"Organization\",\"@id\":\"http:\/\/agi11.com\/#organization\",\"name\":\"AGI 11 Shpk\",\"url\":\"http:\/\/agi11.com\/\",\"logo\":{\"@type\":\"ImageObject\",\"inLanguage\":\"\",\"@id\":\"http:\/\/agi11.com\/#\/schema\/logo\/image\/\",\"url\":\"http:\/\/agi11.com\/wp-content\/uploads\/2018\/02\/agi-logo.png\",\"contentUrl\":\"http:\/\/agi11.com\/wp-content\/uploads\/2018\/02\/agi-logo.png\",\"width\":75,\"height\":41,\"caption\":\"AGI 11 Shpk\"},\"image\":{\"@id\":\"http:\/\/agi11.com\/#\/schema\/logo\/image\/\"}}]}<\/script>\n<!-- \/ Yoast SEO plugin. -->","yoast_head_json":{"title":"Kontakt - AGI 11 Shpk","robots":{"index":"index","follow":"follow","max-snippet":"max-snippet:-1","max-image-preview":"max-image-preview:large","max-video-preview":"max-video-preview:-1"},"canonical":"http:\/\/agi11.com\/sq\/kontakt\/","og_locale":"en_US","og_type":"article","og_title":"Kontakt - AGI 11 Shpk","og_url":"http:\/\/agi11.com\/sq\/kontakt\/","og_site_name":"AGI 11 Shpk","article_modified_time":"2018-03-06T15:56:49+00:00","twitter_card":"summary_large_image","twitter_misc":{"Est. reading time":"4 minutes"},"schema":{"@context":"https:\/\/schema.org","@graph":[{"@type":"WebPage","@id":"http:\/\/agi11.com\/sq\/kontakt\/","url":"http:\/\/agi11.com\/sq\/kontakt\/","name":"Kontakt - AGI 11 Shpk","isPartOf":{"@id":"http:\/\/agi11.com\/#website"},"datePublished":"2018-02-13T11:19:20+00:00","dateModified":"2018-03-06T15:56:49+00:00","breadcrumb":{"@id":"http:\/\/agi11.com\/sq\/kontakt\/#breadcrumb"},"inLanguage":"","potentialAction":[{"@type":"ReadAction","target":["http:\/\/agi11.com\/sq\/kontakt\/"]}]},{"@type":"BreadcrumbList","@id":"http:\/\/agi11.com\/sq\/kontakt\/#breadcrumb","itemListElement":[{"@type":"ListItem","position":1,"name":"Home","item":"http:\/\/agi11.com\/"},{"@type":"ListItem","position":2,"name":"Kontakt"}]},{"@type":"WebSite","@id":"http:\/\/agi11.com\/#website","url":"http:\/\/agi11.com\/","name":"AGI 11 Shpk","description":"Fabrika e Perpunimit te Qumeshtit","publisher":{"@id":"http:\/\/agi11.com\/#organization"},"potentialAction":[{"@type":"SearchAction","target":{"@type":"EntryPoint","urlTemplate":"http:\/\/agi11.com\/?s={search_term_string}"},"query-input":{"@type":"PropertyValueSpecification","valueRequired":true,"valueName":"search_term_string"}}],"inLanguage":""},{"@type":"Organization","@id":"http:\/\/agi11.com\/#organization","name":"AGI 11 Shpk","url":"http:\/\/agi11.com\/","logo":{"@type":"ImageObject","inLanguage":"","@id":"http:\/\/agi11.com\/#\/schema\/logo\/image\/","url":"http:\/\/agi11.com\/wp-content\/uploads\/2018\/02\/agi-logo.png","contentUrl":"http:\/\/agi11.com\/wp-content\/uploads\/2018\/02\/agi-logo.png","width":75,"height":41,"caption":"AGI 11 Shpk"},"image":{"@id":"http:\/\/agi11.com\/#\/schema\/logo\/image\/"}}]}},"_links":{"self":[{"href":"http:\/\/agi11.com\/sq\/wp-json\/wp\/v2\/pages\/13518","targetHints":{"allow":["GET"]}}],"collection":[{"href":"http:\/\/agi11.com\/sq\/wp-json\/wp\/v2\/pages"}],"about":[{"href":"http:\/\/agi11.com\/sq\/wp-json\/wp\/v2\/types\/page"}],"author":[{"embeddable":true,"href":"http:\/\/agi11.com\/sq\/wp-json\/wp\/v2\/users\/1"}],"replies":[{"embeddable":true,"href":"http:\/\/agi11.com\/sq\/wp-json\/wp\/v2\/comments?post=13518"}],"version-history":[{"count":4,"href":"http:\/\/agi11.com\/sq\/wp-json\/wp\/v2\/pages\/13518\/revisions"}],"predecessor-version":[{"id":13687,"href":"http:\/\/agi11.com\/sq\/wp-json\/wp\/v2\/pages\/13518\/revisions\/13687"}],"wp:attachment":[{"href":"http:\/\/agi11.com\/sq\/wp-json\/wp\/v2\/media?parent=13518"}],"curies":[{"name":"wp","href":"https:\/\/api.w.org\/{rel}","templated":true}]}}